{"id":67,"date":"2024-07-18T14:59:12","date_gmt":"2024-07-18T12:59:12","guid":{"rendered":"http:\/\/art-en-ciel.com\/?page_id=67"},"modified":"2024-07-19T19:32:23","modified_gmt":"2024-07-19T17:32:23","slug":"peintures","status":"publish","type":"page","link":"http:\/\/art-en-ciel.com\/index.php\/presentation\/peintures\/","title":{"rendered":"Peintures"},"content":{"rendered":"\n<p class=\"has-primary-color has-text-color has-link-color wp-elements-d64a41df1c4f4d67f8633fde379a91c8\"><em><strong>Peintures<\/strong><\/em><br><\/p>\n\n\n\n<p><strong>Peintures Bleues &#8211; S\u00e9rie<\/strong> <strong>4 saisons <\/strong><\/p>\n\n\n\n<p>Travail universitaire &#8211; J&rsquo;ai travaill\u00e9 sur la couleur bleue pendant 1 ann\u00e9e.<br>Acrylique sur toiles &#8211; Format 120 x 120 cm &#8211; Techniques Mixtes : Soie et \u00e9l\u00e9ments naturels.<br><\/p>\n\n\n\n<figure class=\"wp-block-gallery has-nested-images columns-default is-cropped wp-block-gallery-1 is-layout-flex wp-block-gallery-is-layout-flex\">\n<figure class=\"wp-block-image size-full has-custom-border\"><img loading=\"lazy\" decoding=\"async\" width=\"425\" height=\"435\" data-id=\"355\" src=\"http:\/\/art-en-ciel.com\/wp-content\/uploads\/2024\/07\/1-12.jpg\" alt=\"Peintures Bleues - S\u00e9rie 4 saisons - H\u00e9l\u00e8ne ROY \" class=\"has-border-color has-base-border-color wp-image-355\" style=\"border-width:5px\" srcset=\"http:\/\/art-en-ciel.com\/wp-content\/uploads\/2024\/07\/1-12.jpg 425w, http:\/\/art-en-ciel.com\/wp-content\/uploads\/2024\/07\/1-12-293x300.jpg 293w\" sizes=\"auto, (max-width: 425px) 100vw, 425px\" \/><figcaption class=\"wp-element-caption\">Et\u00e9<\/figcaption><\/figure>\n\n\n\n<figure class=\"wp-block-image size-full has-custom-border\"><img loading=\"lazy\" decoding=\"async\" width=\"425\" height=\"433\" data-id=\"356\" src=\"http:\/\/art-en-ciel.com\/wp-content\/uploads\/2024\/07\/2-9.jpg\" alt=\"Peintures Bleues - S\u00e9rie 4 saisons - H\u00e9l\u00e8ne ROY \" class=\"has-border-color has-base-border-color wp-image-356\" style=\"border-width:5px\" srcset=\"http:\/\/art-en-ciel.com\/wp-content\/uploads\/2024\/07\/2-9.jpg 425w, http:\/\/art-en-ciel.com\/wp-content\/uploads\/2024\/07\/2-9-294x300.jpg 294w\" sizes=\"auto, (max-width: 425px) 100vw, 425px\" \/><figcaption class=\"wp-element-caption\">Printemps<\/figcaption><\/figure>\n<\/figure>\n\n\n\n<figure class=\"wp-block-gallery has-nested-images columns-default is-cropped wp-block-gallery-2 is-layout-flex wp-block-gallery-is-layout-flex\">\n<figure class=\"wp-block-image size-full has-custom-border\"><img loading=\"lazy\" decoding=\"async\" width=\"422\" height=\"425\" data-id=\"357\" src=\"http:\/\/art-en-ciel.com\/wp-content\/uploads\/2024\/07\/3-9.jpg\" alt=\"Peintures Bleues - S\u00e9rie 4 saisons - H\u00e9l\u00e8ne ROY \" class=\"has-border-color has-base-border-color wp-image-357\" style=\"border-width:5px\" srcset=\"http:\/\/art-en-ciel.com\/wp-content\/uploads\/2024\/07\/3-9.jpg 422w, http:\/\/art-en-ciel.com\/wp-content\/uploads\/2024\/07\/3-9-298x300.jpg 298w, http:\/\/art-en-ciel.com\/wp-content\/uploads\/2024\/07\/3-9-150x150.jpg 150w\" sizes=\"auto, (max-width: 422px) 100vw, 422px\" \/><figcaption class=\"wp-element-caption\">Hiver<\/figcaption><\/figure>\n\n\n\n<figure class=\"wp-block-image size-full has-custom-border\"><img loading=\"lazy\" decoding=\"async\" width=\"420\" height=\"425\" data-id=\"358\" src=\"http:\/\/art-en-ciel.com\/wp-content\/uploads\/2024\/07\/4-11.jpg\" alt=\"Peintures Bleues - S\u00e9rie 4 saisons - H\u00e9l\u00e8ne ROY \" class=\"has-border-color has-base-border-color wp-image-358\" style=\"border-width:5px\" srcset=\"http:\/\/art-en-ciel.com\/wp-content\/uploads\/2024\/07\/4-11.jpg 420w, http:\/\/art-en-ciel.com\/wp-content\/uploads\/2024\/07\/4-11-296x300.jpg 296w\" sizes=\"auto, (max-width: 420px) 100vw, 420px\" \/><figcaption class=\"wp-element-caption\">Automne<\/figcaption><\/figure>\n<\/figure>\n\n\n\n<figure class=\"wp-block-gallery has-nested-images columns-4 is-cropped wp-block-gallery-3 is-layout-flex wp-block-gallery-is-layout-flex\">\n<figure class=\"wp-block-image size-full\"><img loading=\"lazy\" decoding=\"async\" width=\"274\" height=\"405\" data-id=\"182\" src=\"http:\/\/art-en-ciel.com\/wp-content\/uploads\/2024\/07\/bleu1-1.gif\" alt=\"Peintures Bleues - S\u00e9rie 4 saisons - H\u00e9l\u00e8ne ROY \" class=\"wp-image-182\"\/><figcaption class=\"wp-element-caption\">D\u00e9tails<\/figcaption><\/figure>\n\n\n\n<figure class=\"wp-block-image size-large\"><img loading=\"lazy\" decoding=\"async\" width=\"274\" height=\"387\" data-id=\"185\" src=\"http:\/\/art-en-ciel.com\/wp-content\/uploads\/2024\/07\/bleu2-1.jpg\" alt=\"Peintures Bleues - S\u00e9rie 4 saisons - H\u00e9l\u00e8ne ROY \" class=\"wp-image-185\" srcset=\"http:\/\/art-en-ciel.com\/wp-content\/uploads\/2024\/07\/bleu2-1.jpg 274w, http:\/\/art-en-ciel.com\/wp-content\/uploads\/2024\/07\/bleu2-1-212x300.jpg 212w\" sizes=\"auto, (max-width: 274px) 100vw, 274px\" \/><figcaption class=\"wp-element-caption\">D\u00e9tails<\/figcaption><\/figure>\n\n\n\n<figure class=\"wp-block-image size-large\"><img loading=\"lazy\" decoding=\"async\" width=\"276\" height=\"392\" data-id=\"189\" src=\"http:\/\/art-en-ciel.com\/wp-content\/uploads\/2024\/07\/bleu3-2.jpg\" alt=\"Peintures Bleues - S\u00e9rie 4 saisons - H\u00e9l\u00e8ne ROY \" class=\"wp-image-189\" srcset=\"http:\/\/art-en-ciel.com\/wp-content\/uploads\/2024\/07\/bleu3-2.jpg 276w, http:\/\/art-en-ciel.com\/wp-content\/uploads\/2024\/07\/bleu3-2-211x300.jpg 211w\" sizes=\"auto, (max-width: 276px) 100vw, 276px\" \/><figcaption class=\"wp-element-caption\">D\u00e9tails<\/figcaption><\/figure>\n\n\n\n<figure class=\"wp-block-image size-large\"><img loading=\"lazy\" decoding=\"async\" width=\"273\" height=\"388\" data-id=\"188\" src=\"http:\/\/art-en-ciel.com\/wp-content\/uploads\/2024\/07\/bleu4-1.jpg\" alt=\"Peintures Bleues - S\u00e9rie 4 saisons - H\u00e9l\u00e8ne ROY \" class=\"wp-image-188\" srcset=\"http:\/\/art-en-ciel.com\/wp-content\/uploads\/2024\/07\/bleu4-1.jpg 273w, http:\/\/art-en-ciel.com\/wp-content\/uploads\/2024\/07\/bleu4-1-211x300.jpg 211w\" sizes=\"auto, (max-width: 273px) 100vw, 273px\" \/><figcaption class=\"wp-element-caption\">D\u00e9tails<\/figcaption><\/figure>\n<\/figure>\n\n\n\n<p>Autres<\/p>\n\n\n\n<figure class=\"wp-block-gallery has-nested-images columns-default is-cropped wp-block-gallery-4 is-layout-flex wp-block-gallery-is-layout-flex\">\n<figure class=\"wp-block-image size-full\"><img loading=\"lazy\" decoding=\"async\" width=\"351\" height=\"510\" data-id=\"438\" src=\"http:\/\/art-en-ciel.com\/wp-content\/uploads\/2024\/07\/eau-1.jpg\" alt=\"Peintures Bleues - S\u00e9rie 4 saisons - H\u00e9l\u00e8ne ROY \" class=\"wp-image-438\" srcset=\"http:\/\/art-en-ciel.com\/wp-content\/uploads\/2024\/07\/eau-1.jpg 351w, http:\/\/art-en-ciel.com\/wp-content\/uploads\/2024\/07\/eau-1-206x300.jpg 206w\" sizes=\"auto, (max-width: 351px) 100vw, 351px\" \/><\/figure>\n\n\n\n<figure class=\"wp-block-image size-full\"><img loading=\"lazy\" decoding=\"async\" width=\"311\" height=\"454\" data-id=\"437\" src=\"http:\/\/art-en-ciel.com\/wp-content\/uploads\/2024\/07\/eau_details.jpg\" alt=\"Peintures Bleues - S\u00e9rie 4 saisons - H\u00e9l\u00e8ne ROY \" class=\"wp-image-437\" srcset=\"http:\/\/art-en-ciel.com\/wp-content\/uploads\/2024\/07\/eau_details.jpg 311w, http:\/\/art-en-ciel.com\/wp-content\/uploads\/2024\/07\/eau_details-206x300.jpg 206w\" sizes=\"auto, (max-width: 311px) 100vw, 311px\" \/><\/figure>\n<\/figure>\n\n\n\n<figure class=\"wp-block-gallery has-nested-images columns-3 is-cropped wp-block-gallery-5 is-layout-flex wp-block-gallery-is-layout-flex\">\n<figure class=\"wp-block-image size-full has-custom-border\"><img loading=\"lazy\" decoding=\"async\" width=\"647\" height=\"425\" data-id=\"212\" src=\"http:\/\/art-en-ciel.com\/wp-content\/uploads\/2024\/07\/ville_bleue-1.jpg\" alt=\"Peintures Bleues - S\u00e9rie 4 saisons - H\u00e9l\u00e8ne ROY \" class=\"has-border-color has-base-border-color wp-image-212\" style=\"border-width:30px\" srcset=\"http:\/\/art-en-ciel.com\/wp-content\/uploads\/2024\/07\/ville_bleue-1.jpg 647w, http:\/\/art-en-ciel.com\/wp-content\/uploads\/2024\/07\/ville_bleue-1-300x197.jpg 300w\" sizes=\"auto, (max-width: 647px) 100vw, 647px\" \/><\/figure>\n<\/figure>\n\n\n\n<p><strong>Peintures Couleurs<\/strong><br>Techniques mixtes sur grand format &#8211; Acrylique<\/p>\n\n\n\n<figure class=\"wp-block-gallery has-nested-images columns-default is-cropped wp-block-gallery-6 is-layout-flex wp-block-gallery-is-layout-flex\">\n<figure class=\"wp-block-image size-full has-custom-border\"><img loading=\"lazy\" decoding=\"async\" width=\"425\" height=\"420\" data-id=\"359\" src=\"http:\/\/art-en-ciel.com\/wp-content\/uploads\/2024\/07\/helios1-4.jpg\" alt=\"Peinture H\u00e9l\u00e8ne ROY \" class=\"has-border-color has-base-border-color wp-image-359\" style=\"border-width:40px\" srcset=\"http:\/\/art-en-ciel.com\/wp-content\/uploads\/2024\/07\/helios1-4.jpg 425w, http:\/\/art-en-ciel.com\/wp-content\/uploads\/2024\/07\/helios1-4-300x296.jpg 300w\" sizes=\"auto, (max-width: 425px) 100vw, 425px\" \/><figcaption class=\"wp-element-caption\"><strong>La d\u00e9esse de la lumi\u00e8re<\/strong><br>100\u00d7100 Acrylique sur toile<\/figcaption><\/figure>\n<\/figure>\n\n\n\n<figure class=\"wp-block-gallery has-nested-images columns-default is-cropped wp-block-gallery-7 is-layout-flex wp-block-gallery-is-layout-flex\">\n<figure class=\"wp-block-image size-large\"><img loading=\"lazy\" decoding=\"async\" width=\"296\" height=\"192\" data-id=\"375\" src=\"http:\/\/art-en-ciel.com\/wp-content\/uploads\/2024\/07\/detail_helios1-5.jpg\" alt=\"Peinture H\u00e9l\u00e8ne ROY \" class=\"wp-image-375\"\/><\/figure>\n\n\n\n<figure class=\"wp-block-image size-full\"><img loading=\"lazy\" decoding=\"async\" width=\"272\" height=\"425\" data-id=\"376\" src=\"http:\/\/art-en-ciel.com\/wp-content\/uploads\/2024\/07\/detail_helios2-7.jpg\" alt=\"Peinture H\u00e9l\u00e8ne ROY \" class=\"wp-image-376\" srcset=\"http:\/\/art-en-ciel.com\/wp-content\/uploads\/2024\/07\/detail_helios2-7.jpg 272w, http:\/\/art-en-ciel.com\/wp-content\/uploads\/2024\/07\/detail_helios2-7-192x300.jpg 192w\" sizes=\"auto, (max-width: 272px) 100vw, 272px\" \/><\/figure>\n<\/figure>\n\n\n\n<figure class=\"wp-block-gallery has-nested-images columns-default is-cropped wp-block-gallery-8 is-layout-flex wp-block-gallery-is-layout-flex\">\n<figure class=\"wp-block-image size-full has-custom-border\"><img loading=\"lazy\" decoding=\"async\" width=\"418\" height=\"421\" data-id=\"366\" src=\"http:\/\/art-en-ciel.com\/wp-content\/uploads\/2024\/07\/nature_morte-1.jpg\" alt=\"Peinture H\u00e9l\u00e8ne ROY \" class=\"has-border-color has-base-border-color wp-image-366\" style=\"border-width:40px\" srcset=\"http:\/\/art-en-ciel.com\/wp-content\/uploads\/2024\/07\/nature_morte-1.jpg 418w, http:\/\/art-en-ciel.com\/wp-content\/uploads\/2024\/07\/nature_morte-1-298x300.jpg 298w, http:\/\/art-en-ciel.com\/wp-content\/uploads\/2024\/07\/nature_morte-1-150x150.jpg 150w\" sizes=\"auto, (max-width: 418px) 100vw, 418px\" \/><figcaption class=\"wp-element-caption\"><strong>Int\u00e9rieur rouge<\/strong>&nbsp;&#8211; Nature morte<br>120&#215;120 Technique mixte<\/figcaption><\/figure>\n<\/figure>\n\n\n\n<figure class=\"wp-block-gallery has-nested-images columns-default is-cropped wp-block-gallery-9 is-layout-flex wp-block-gallery-is-layout-flex\">\n<figure class=\"wp-block-image size-large\"><img loading=\"lazy\" decoding=\"async\" width=\"282\" height=\"415\" data-id=\"367\" src=\"http:\/\/art-en-ciel.com\/wp-content\/uploads\/2024\/07\/nature_morte_detail3.jpg\" alt=\"Peinture H\u00e9l\u00e8ne ROY \" class=\"wp-image-367\" srcset=\"http:\/\/art-en-ciel.com\/wp-content\/uploads\/2024\/07\/nature_morte_detail3.jpg 282w, http:\/\/art-en-ciel.com\/wp-content\/uploads\/2024\/07\/nature_morte_detail3-204x300.jpg 204w\" sizes=\"auto, (max-width: 282px) 100vw, 282px\" \/><\/figure>\n\n\n\n<figure class=\"wp-block-image size-full\"><img loading=\"lazy\" decoding=\"async\" width=\"413\" height=\"281\" data-id=\"372\" src=\"http:\/\/art-en-ciel.com\/wp-content\/uploads\/2024\/07\/nature_morte_detail1-2.jpg\" alt=\"Peinture H\u00e9l\u00e8ne ROY \" class=\"wp-image-372\" srcset=\"http:\/\/art-en-ciel.com\/wp-content\/uploads\/2024\/07\/nature_morte_detail1-2.jpg 413w, http:\/\/art-en-ciel.com\/wp-content\/uploads\/2024\/07\/nature_morte_detail1-2-300x204.jpg 300w\" sizes=\"auto, (max-width: 413px) 100vw, 413px\" \/><\/figure>\n<\/figure>\n\n\n\n<figure class=\"wp-block-gallery has-nested-images columns-default is-cropped wp-block-gallery-10 is-layout-flex wp-block-gallery-is-layout-flex\">\n<figure class=\"wp-block-image size-large\"><img loading=\"lazy\" decoding=\"async\" width=\"257\" height=\"404\" data-id=\"346\" src=\"http:\/\/art-en-ciel.com\/wp-content\/uploads\/2024\/07\/poissons.jpg\" alt=\"Peinture H\u00e9l\u00e8ne ROY \" class=\"wp-image-346\" srcset=\"http:\/\/art-en-ciel.com\/wp-content\/uploads\/2024\/07\/poissons.jpg 257w, http:\/\/art-en-ciel.com\/wp-content\/uploads\/2024\/07\/poissons-191x300.jpg 191w\" sizes=\"auto, (max-width: 257px) 100vw, 257px\" \/><figcaption class=\"wp-element-caption\">Planche du poissonnier<br>120&#215;90 Acrylique sur Toile<\/figcaption><\/figure>\n\n\n\n<figure class=\"wp-block-image size-full\"><img loading=\"lazy\" decoding=\"async\" width=\"425\" height=\"424\" data-id=\"352\" src=\"http:\/\/art-en-ciel.com\/wp-content\/uploads\/2024\/07\/paysage-2.jpg\" alt=\"Peinture H\u00e9l\u00e8ne ROY \" class=\"wp-image-352\" srcset=\"http:\/\/art-en-ciel.com\/wp-content\/uploads\/2024\/07\/paysage-2.jpg 425w, http:\/\/art-en-ciel.com\/wp-content\/uploads\/2024\/07\/paysage-2-300x300.jpg 300w, http:\/\/art-en-ciel.com\/wp-content\/uploads\/2024\/07\/paysage-2-150x150.jpg 150w\" sizes=\"auto, (max-width: 425px) 100vw, 425px\" \/><figcaption class=\"wp-element-caption\">Les iles<br>120&#215;120 Technique mixte<\/figcaption><\/figure>\n\n\n\n<figure class=\"wp-block-image size-large\"><img loading=\"lazy\" decoding=\"async\" width=\"285\" height=\"412\" data-id=\"384\" src=\"http:\/\/art-en-ciel.com\/wp-content\/uploads\/2024\/07\/soleil-2.jpg\" alt=\"Peinture H\u00e9l\u00e8ne ROY \" class=\"wp-image-384\" srcset=\"http:\/\/art-en-ciel.com\/wp-content\/uploads\/2024\/07\/soleil-2.jpg 285w, http:\/\/art-en-ciel.com\/wp-content\/uploads\/2024\/07\/soleil-2-208x300.jpg 208w\" sizes=\"auto, (max-width: 285px) 100vw, 285px\" \/><figcaption class=\"wp-element-caption\">Soleil<br>120&#215;90 Acrylique sur Toile<\/figcaption><\/figure>\n<\/figure>\n","protected":false},"excerpt":{"rendered":"<p>Peintures Peintures Bleues &#8211; S\u00e9rie 4 saisons Travail universitaire &#8211; J&rsquo;ai travaill\u00e9 sur la couleur bleue pendant 1 ann\u00e9e.Acrylique sur toiles &#8211; Format 120 x 120 cm &#8211; Techniques Mixtes : Soie et \u00e9l\u00e9ments naturels. Autres Peintures CouleursTechniques mixtes sur grand format &#8211; Acrylique<\/p>\n","protected":false},"author":1,"featured_media":0,"parent":61,"menu_order":0,"comment_status":"closed","ping_status":"closed","template":"","meta":{"_themeisle_gutenberg_block_has_review":false,"footnotes":""},"class_list":["post-67","page","type-page","status-publish","hentry"],"_links":{"self":[{"href":"http:\/\/art-en-ciel.com\/index.php\/wp-json\/wp\/v2\/pages\/67","targetHints":{"allow":["GET"]}}],"collection":[{"href":"http:\/\/art-en-ciel.com\/index.php\/wp-json\/wp\/v2\/pages"}],"about":[{"href":"http:\/\/art-en-ciel.com\/index.php\/wp-json\/wp\/v2\/types\/page"}],"author":[{"embeddable":true,"href":"http:\/\/art-en-ciel.com\/index.php\/wp-json\/wp\/v2\/users\/1"}],"replies":[{"embeddable":true,"href":"http:\/\/art-en-ciel.com\/index.php\/wp-json\/wp\/v2\/comments?post=67"}],"version-history":[{"count":30,"href":"http:\/\/art-en-ciel.com\/index.php\/wp-json\/wp\/v2\/pages\/67\/revisions"}],"predecessor-version":[{"id":447,"href":"http:\/\/art-en-ciel.com\/index.php\/wp-json\/wp\/v2\/pages\/67\/revisions\/447"}],"up":[{"embeddable":true,"href":"http:\/\/art-en-ciel.com\/index.php\/wp-json\/wp\/v2\/pages\/61"}],"wp:attachment":[{"href":"http:\/\/art-en-ciel.com\/index.php\/wp-json\/wp\/v2\/media?parent=67"}],"curies":[{"name":"wp","href":"https:\/\/api.w.org\/{rel}","templated":true}]}}